{"id":20436,"date":"2026-04-30T09:53:42","date_gmt":"2026-04-30T01:53:42","guid":{"rendered":"https:\/\/www.pangoods.com\/index.php\/product\/parasol-base-silver-stainless-steel-304-and-concrete-standard\/"},"modified":"2026-04-30T09:53:42","modified_gmt":"2026-04-30T01:53:42","slug":"parasol-base-silver-stainless-steel-304-and-concrete-standard","status":"publish","type":"product","link":"https:\/\/www.pangoods.com\/index.php\/product\/parasol-base-silver-stainless-steel-304-and-concrete-standard\/","title":{"rendered":"Parasol Base Silver Stainless steel 304 and concrete Standard"},"content":{"rendered":"<p>This Stainless Steel Parasol Base is here to help stabilize your patio umbrellas, making sure they don&#8217;t blow away even on windy days. With a brushed finish, it&#8217;s built to last and looks good in any modern outdoor setup.<\/p>\n<ul>\n<li>Heavy-Duty Construction: Supports up to 61.7 lbs, making it super stable against wind. You can rely on it all year round for your outdoor needs.<\/li>\n<li>Adjustable Compatibility: Comes with adaptors for \u00d81.3, \u00d81.5, and \u00d81.9 in poles, so it easily fits different umbrellas. No need to buy multiple bases for different umbrellas.<\/li>\n<li>Anti-Slip Feet: Features anti-slip feet to stop any unwanted movement, keeping everything safe and secure.<\/li>\n<li>Weather-Resistant Finish: The brushed stainless steel not only looks classy, but it stands up to whatever the weather throws at it!<\/li>\n<li>Ideal Dimensions: Measuring 19.5 in by 19.5 in, it&#8217;s compact, but heavy enough at 61.7 lbs to keep your umbrellas stable, making it easy for one person to handle.<\/li>\n<\/ul>\n<ul>\n<li>Color: Silver<\/li>\n<li>Shape: Square<\/li>\n<li>Material: Metal Stainless Steel<\/li>\n<li>Finish: Brushed<\/li>\n<li>Indoor\/Outdoor: Outdoor Only<\/li>\n<li>Room: Garden and terrace<\/li>\n<li>Capacity: Works with 1.3\/1.5\/1.9 in poles<\/li>\n<li>Maximum Number of People: 1<\/li>\n<li>Maximum Weit: 61.7 lbs<\/li>\n<li>Dimensions: 19.5 x 19.5 x 15 in (W x L x H)<\/li>\n<li>Min-Max Dimensions: 1.3<\/li>\n<li>Weight: 60.96 lbs<\/li>\n<li>Delivery Contains: Parasol base<\/li>\n<li>Assembly Required: Yes<\/li>\n<li>Recommended Number of People for Assembly: 1<\/li>\n<\/ul>\n","protected":false},"excerpt":{"rendered":"<p>This Stainless Steel Parasol Base is here to help stabilize your patio umbrellas, making sure they don&#8217;t blow away even on windy days. With a brushed finish, it&#8217;s built to last and looks good in any modern outdoor setup. Heavy-Duty Construction: Supports up to 61.7 lbs, making it super stable against wind. You can rely on it all year round for your outdoor needs. Adjustable Compatibility: Comes with adaptors for \u00d81.3, \u00d81.5, and \u00d81.9 in poles, so it easily fits different umbrellas. No need to buy multiple bases for different umbrellas. Anti-Slip Feet: Features anti-slip feet to stop any unwanted movement, keeping everything safe and secure. Weather-Resistant Finish: The brushed stainless steel not only looks classy, but it stands up to whatever the weather throws at it! Ideal Dimensions: Measuring 19.5 in by 19.5 in, it&#8217;s compact, but heavy enough at 61.7 lbs to keep your umbrellas stable, making it easy for one person to handle.<\/p>\n","protected":false},"featured_media":20435,"comment_status":"closed","ping_status":"closed","template":"","meta":[],"product_brand":[],"product_cat":[279],"product_tag":[],"class_list":{"0":"post-20436","1":"product","2":"type-product","3":"status-publish","4":"has-post-thumbnail","6":"product_cat-outdoor-umbrella-bases","8":"first","9":"instock","10":"taxable","11":"shipping-taxable","12":"purchasable","13":"product-type-simple"},"_links":{"self":[{"href":"https:\/\/www.pangoods.com\/index.php\/wp-json\/wp\/v2\/product\/20436","targetHints":{"allow":["GET"]}}],"collection":[{"href":"https:\/\/www.pangoods.com\/index.php\/wp-json\/wp\/v2\/product"}],"about":[{"href":"https:\/\/www.pangoods.com\/index.php\/wp-json\/wp\/v2\/types\/product"}],"replies":[{"embeddable":true,"href":"https:\/\/www.pangoods.com\/index.php\/wp-json\/wp\/v2\/comments?post=20436"}],"wp:featuredmedia":[{"embeddable":true,"href":"https:\/\/www.pangoods.com\/index.php\/wp-json\/wp\/v2\/media\/20435"}],"wp:attachment":[{"href":"https:\/\/www.pangoods.com\/index.php\/wp-json\/wp\/v2\/media?parent=20436"}],"wp:term":[{"taxonomy":"product_brand","embeddable":true,"href":"https:\/\/www.pangoods.com\/index.php\/wp-json\/wp\/v2\/product_brand?post=20436"},{"taxonomy":"product_cat","embeddable":true,"href":"https:\/\/www.pangoods.com\/index.php\/wp-json\/wp\/v2\/product_cat?post=20436"},{"taxonomy":"product_tag","embeddable":true,"href":"https:\/\/www.pangoods.com\/index.php\/wp-json\/wp\/v2\/product_tag?post=20436"}],"curies":[{"name":"wp","href":"https:\/\/api.w.org\/{rel}","templated":true}]}}